{"id":33,"date":"2025-10-22T11:56:46","date_gmt":"2025-10-22T09:56:46","guid":{"rendered":"https:\/\/szczytnaprzedszkole.pl\/?page_id=33"},"modified":"2025-10-22T12:47:33","modified_gmt":"2025-10-22T10:47:33","slug":"contact-us","status":"publish","type":"page","link":"https:\/\/szczytnaprzedszkole.pl\/?page_id=33","title":{"rendered":"PROJEKT UNIJNY"},"content":{"rendered":"\t\t<div data-elementor-type=\"wp-page\" data-elementor-id=\"33\" class=\"elementor elementor-33\">\n\t\t\t\t<div class=\"elementor-element elementor-element-193fdba e-con-full e-flex e-con e-parent\" data-id=\"193fdba\" data-element_type=\"container\">\n\t\t\t\t<div class=\"elementor-element elementor-element-857a875 elementor-widget elementor-widget-heading\" data-id=\"857a875\" data-element_type=\"widget\" data-widget_type=\"heading.default\">\n\t\t\t\t\t<h2 class=\"elementor-heading-title elementor-size-default\">Projekt - \u201eEdukacja ekologiczna w Gminie Szczytna\u201d<\/h2>\t\t\t\t<\/div>\n\t\t\t\t<\/div>\n\t\t<div class=\"elementor-element elementor-element-c540a7b e-flex e-con-boxed e-con e-parent\" data-id=\"c540a7b\" data-element_type=\"container\">\n\t\t\t\t\t<div class=\"e-con-inner\">\n\t\t\t\t<div class=\"elementor-element elementor-element-5eeb86f elementor-widget elementor-widget-image\" data-id=\"5eeb86f\" data-element_type=\"widget\" data-widget_type=\"image.default\">\n\t\t\t\t\t\t\t\t\t\t\t\t\t\t\t<img fetchpriority=\"high\" decoding=\"async\" width=\"2560\" height=\"271\" src=\"https:\/\/szczytnaprzedszkole.pl\/wp-content\/uploads\/2025\/10\/FEDDS-kolor-poziom-scaled.jpg\" class=\"attachment-full size-full wp-image-112\" alt=\"\" srcset=\"https:\/\/szczytnaprzedszkole.pl\/wp-content\/uploads\/2025\/10\/FEDDS-kolor-poziom-scaled.jpg 2560w, https:\/\/szczytnaprzedszkole.pl\/wp-content\/uploads\/2025\/10\/FEDDS-kolor-poziom-300x32.jpg 300w, https:\/\/szczytnaprzedszkole.pl\/wp-content\/uploads\/2025\/10\/FEDDS-kolor-poziom-1024x108.jpg 1024w, https:\/\/szczytnaprzedszkole.pl\/wp-content\/uploads\/2025\/10\/FEDDS-kolor-poziom-768x81.jpg 768w, https:\/\/szczytnaprzedszkole.pl\/wp-content\/uploads\/2025\/10\/FEDDS-kolor-poziom-1536x163.jpg 1536w, https:\/\/szczytnaprzedszkole.pl\/wp-content\/uploads\/2025\/10\/FEDDS-kolor-poziom-2048x217.jpg 2048w\" sizes=\"(max-width: 2560px) 100vw, 2560px\" \/>\t\t\t\t\t\t\t\t\t\t\t\t\t\t\t<\/div>\n\t\t\t\t\t<\/div>\n\t\t\t\t<\/div>\n\t\t<div class=\"elementor-element elementor-element-d60628d e-con-full e-flex e-con e-parent\" data-id=\"d60628d\" data-element_type=\"container\">\n\t\t\t\t<div class=\"elementor-element elementor-element-a0ebe72 elementor-widget__width-initial elementor-widget elementor-widget-text-editor\" data-id=\"a0ebe72\" data-element_type=\"widget\" data-widget_type=\"text-editor.default\">\n\t\t\t\t\t\t\t\t\t<p>Przedszkole Publiczne w\u00a0Szczytnej jest realizatorem projektu \u201eEdukacja ekologiczna w\u00a0Gminie Szczytna\u201d wsp\u00f3\u0142finansowanego ze \u015brodk\u00f3w Europejskiego Funduszu Spo\u0142ecznego Plus w\u00a0ramach Programu Fundusze Europejskie dla Dolnego \u015al\u0105ska 2021-2027, Priorytet nr 8 \u201eFundusze Europejskie dla edukacji na\u00a0Dolnym \u015al\u0105sku\u201d, Dzia\u0142anie nr FEDS.08.01 \u201eDost\u0119p do edukacji\u201d nr FEDS.08.01-IZ.00-0152\/24.<\/p><p>Projekt jest realizowany w\u00a0okresie od 11.02.2025 r. do 30.06.2026 r. w\u00a0Gminie Szczytna na\u00a0terenie wojew\u00f3dztwa dolno\u015bl\u0105skiego.<\/p><p>Biuro projektu mie\u015bci si\u0119 w\u00a0Przedszkolu Publicznym w\u00a0Szczytnej, 57\u2013 330 Szczytna ul. Le\u015bna 1.<\/p><p>Celem projektu jest kszta\u0142towanie postaw proekologicznych i\u00a0popularyzacja edukacji przyrodniczej w\u015br\u00f3d dzieci i\u00a0nauczycieli z\u00a0Przedszkola Publicznego w\u00a0Szczytnej poprzez realizacj\u0119 zaj\u0105\u0107 w\u00a0formie stacjonarnej i\u00a0terenowej oraz\u00a0szkolenia dla nauczycieli i\u00a0zakup pomocy dydaktycznych niezb\u0119dnych do realizacji wsparcia.<\/p><p>W ramach projektu zaplanowano realizacj\u0119 poni\u017cszych zada\u0144, kt\u00f3rych realizacja przyczyni si\u0119 do osi\u0105gni\u0119cia celu:<\/p><p><strong>1.Zaj\u0119cia stacjonarne z\u00a0zakresu edukacji ekologicznej w\u00a0Przedszkolu Publicznym w\u00a0Szczytnej.<\/strong><\/p><p>1.1 Mali badacze terenowi- r\u00f3\u017cnorodno\u015b\u0107 \u015bwiata ro\u015blin i\u00a0zwierz\u0105t.\u00a0<\/p><p>1.2 Eko eksperymenty- gospodarka wodna.<\/p><p>1.3 Z ekologi\u0105 za pan brat- kszta\u0142towanie postaw ekologicznych.<\/p><p>1.4 Warsztaty zero waste w\u00a0\u017cywieniu.<\/p><p>1.5 Warsztaty \u201eSegregujemy odpady\u201d.<\/p><p>1.6. Warsztaty \u201eTworzymy i\u00a0recyklingujemy\u201d.<\/p><p>1.7 Konkursy o\u00a0tematyce ekologicznej.<\/p><p><strong>2. Zaj\u0119cia terenowe z\u00a0zakresu edukacji ekologicznej w\u00a0Przedszkolu Publicznym w\u00a0Szczytnej. <\/strong><\/p><p>2.1 Mali badacze terenowi \u2013 r\u00f3\u017cnorodno\u015b\u0107 \u015bwiata ro\u015blin \u2013 badamy lokaln\u0105 flor\u0119.<\/p><p>2.2 Mali badacze terenowi &#8211; \u015bladami zwierz\u0105t- badamy lokaln\u0105 faun\u0119.<\/p><p>2.3 Zaj\u0119cia terenowe \u201eZ ekologi\u0105 za pan brat\u201d! kszta\u0142towanie postaw ekologicznych \u2013 sadzenie drzew.<\/p><p>2.4. Zaj\u0119cia terenowe \u201eZ ekologi\u0105 za pan brat\u201d! kszta\u0142towanie postaw ekologicznych \u2013 sadzenie kwiat\u00f3w i\u00a0bylin dla owad\u00f3w.<\/p><p>2.5. Zaj\u0119cia terenowe \u201eZ ekologi\u0105 za pan brat\u201d! kszta\u0142towanie postaw ekologicznych \u2013 eko ogr\u00f3dek<\/p><p>2.6. Wyjazdy edukacyjne<\/p><p><strong>3. Szkolenia dla nauczycieli\u00a0<\/strong><\/p><p>Udzia\u0142 w\u00a0zaj\u0119ciach, konkursach, wyjazdach edukacyjnych oraz\u00a0szkoleniach w\u00a0ramach projektu jest bezp\u0142atny.<\/p><p>Wsparcie skierowane jest do grupy sk\u0142adaj\u0105cej si\u0119 z:<\/p><p>-144 dzieci w\u00a0wieku przedszkolnym (78K i\u00a066M), w\u00a0tym: 2 osoby z\u00a0Specjalnych Potrzebach Edukacyjnych (2K) oraz\u00a03 osoby z\u00a0Orzeczeniem o\u00a0Niepe\u0142nosprawno\u015bci. (3 K),<\/p><p>-20 nauczycieli wychowania przedszkolnego (19K i\u00a01M).<\/p><p><strong>Planowane dzia\u0142ania pozwol\u0105 na\u00a0osi\u0105gni\u0119cie nast\u0119puj\u0105cych rezultat\u00f3w:<\/strong><\/p><p>-rozw\u00f3j prawid\u0142owych postaw ekologicznych w\u015br\u00f3d dzieci w\u00a0wieku przedszkolnym,<\/p><p>-wzrost wiedzy z\u00a0zakresu gospodarki wodnej oraz\u00a0gospodarowania odpadami,<\/p><p>-ukszta\u0142towanie odpowiedniej relacji uczestnik\u00f3w ze \u015brodowiskiem, wzmocnienie poczucia<\/p><p>odpowiedzialno\u015bci i\u00a0systematyczno\u015bci w\u00a0dzia\u0142aniach proekologicznych;<\/p><p>&#8211; wzrost kompetencji nauczycieli, z\u00a0zakresu edukacji ekologicznej i\u00a0metod jej przekazywania, dostosowanych do wieku dzieci.<\/p><p><strong>Koszty projektu pn.: \u201eEdukacja ekologiczna w\u00a0Gminie Szczytna\u201d nr FEDS.08.01-IZ.00-0152\/24<\/strong><\/p><p>Warto\u015b\u0107 projektu wynosi 165 181,78 z\u0142 (s\u0142ownie: sto sze\u015b\u0107dziesi\u0105t pi\u0119\u0107 tysi\u0119cy sto osiemdziesi\u0105t jeden z\u0142otych 78\/100)<\/p><p>Dofinansowanie na\u00a0realizacj\u0119 projektu w\u00a0ramach Programu Fundusze Europejskie dla Dolnego \u015al\u0105ska 2021 \u2013 2027 wsp\u00f3\u0142finansowanego ze \u015brodk\u00f3w Europejskiego Funduszu Spo\u0142ecznego Plus wynosi 132 145,42 \u00a0z\u0142 \u00a0(s\u0142ownie: sto trzydzie\u015bci dwa tysi\u0105ce sto czterdzie\u015bci pi\u0119\u0107 z\u0142otych 42\/100)<\/p><p>Wk\u0142ad w\u0142asny wynosi 33 036,36 z\u0142 (s\u0142ownie: trzydzie\u015bci trzy tysi\u0105ce trzydzie\u015bci sze\u015b\u0107 z\u0142otych 36\/100).<\/p>\t\t\t\t\t\t\t\t<\/div>\n\t\t\t\t<\/div>\n\t\t\t\t<\/div>\n\t\t","protected":false},"excerpt":{"rendered":"<p>Projekt &#8211; \u201eEdukacja ekologiczna w Gminie Szczytna\u201d Przedszkole Publiczne w\u00a0Szczytnej jest realizatorem projektu \u201eEdukacja ekologiczna w\u00a0Gminie Szczytna\u201d wsp\u00f3\u0142finansowanego ze \u015brodk\u00f3w Europejskiego Funduszu Spo\u0142ecznego Plus w\u00a0ramach Programu Fundusze Europejskie dla Dolnego \u015al\u0105ska 2021-2027, Priorytet nr 8 \u201eFundusze Europejskie dla edukacji na\u00a0Dolnym \u015al\u0105sku\u201d, Dzia\u0142anie nr FEDS.08.01 \u201eDost\u0119p do edukacji\u201d nr FEDS.08.01-IZ.00-0152\/24. Projekt jest realizowany w\u00a0okresie od 11.02.2025 [&hellip;]<\/p>\n","protected":false},"author":1,"featured_media":0,"parent":0,"menu_order":0,"comment_status":"closed","ping_status":"closed","template":"elementor_header_footer","meta":{"footnotes":""},"class_list":["post-33","page","type-page","status-publish","hentry"],"_links":{"self":[{"href":"https:\/\/szczytnaprzedszkole.pl\/index.php?rest_route=\/wp\/v2\/pages\/33","targetHints":{"allow":["GET"]}}],"collection":[{"href":"https:\/\/szczytnaprzedszkole.pl\/index.php?rest_route=\/wp\/v2\/pages"}],"about":[{"href":"https:\/\/szczytnaprzedszkole.pl\/index.php?rest_route=\/wp\/v2\/types\/page"}],"author":[{"embeddable":true,"href":"https:\/\/szczytnaprzedszkole.pl\/index.php?rest_route=\/wp\/v2\/users\/1"}],"replies":[{"embeddable":true,"href":"https:\/\/szczytnaprzedszkole.pl\/index.php?rest_route=%2Fwp%2Fv2%2Fcomments&post=33"}],"version-history":[{"count":16,"href":"https:\/\/szczytnaprzedszkole.pl\/index.php?rest_route=\/wp\/v2\/pages\/33\/revisions"}],"predecessor-version":[{"id":125,"href":"https:\/\/szczytnaprzedszkole.pl\/index.php?rest_route=\/wp\/v2\/pages\/33\/revisions\/125"}],"wp:attachment":[{"href":"https:\/\/szczytnaprzedszkole.pl\/index.php?rest_route=%2Fwp%2Fv2%2Fmedia&parent=33"}],"curies":[{"name":"wp","href":"https:\/\/api.w.org\/{rel}","templated":true}]}}