{"id":40,"date":"2025-10-22T11:56:46","date_gmt":"2025-10-22T09:56:46","guid":{"rendered":"https:\/\/szczytnaprzedszkole.pl\/?page_id=40"},"modified":"2025-10-23T08:40:48","modified_gmt":"2025-10-23T06:40:48","slug":"about","status":"publish","type":"page","link":"https:\/\/szczytnaprzedszkole.pl\/?page_id=40","title":{"rendered":"O NAS"},"content":{"rendered":"\t\t<div data-elementor-type=\"wp-page\" data-elementor-id=\"40\" class=\"elementor elementor-40\">\n\t\t\t\t<div class=\"elementor-element elementor-element-13c848df e-flex e-con-boxed e-con e-parent\" data-id=\"13c848df\" data-element_type=\"container\">\n\t\t\t\t\t<div class=\"e-con-inner\">\n\t\t\t\t<div class=\"elementor-element elementor-element-198f8009 elementor-widget__width-initial elementor-absolute elementor-invisible elementor-widget elementor-widget-spacer\" data-id=\"198f8009\" data-element_type=\"widget\" data-settings=\"{&quot;_position&quot;:&quot;absolute&quot;,&quot;_animation&quot;:&quot;zoomIn&quot;}\" data-widget_type=\"spacer.default\">\n\t\t\t\t\t\t\t<div class=\"elementor-spacer\">\n\t\t\t<div class=\"elementor-spacer-inner\"><\/div>\n\t\t<\/div>\n\t\t\t\t\t\t<\/div>\n\t\t<div class=\"elementor-element elementor-element-60730bc8 e-con-full e-flex e-con e-child\" data-id=\"60730bc8\" data-element_type=\"container\">\n\t\t\t\t<div class=\"elementor-element elementor-element-77e8bf23 elementor-widget__width-inherit elementor-widget elementor-widget-flex-hero\" data-id=\"77e8bf23\" data-element_type=\"widget\" data-settings=\"{&quot;image_shape&quot;:&quot;custom&quot;,&quot;layout_preset&quot;:&quot;showcase&quot;,&quot;layout_column_structure&quot;:&quot;50-50&quot;,&quot;layout_image_position&quot;:&quot;end&quot;,&quot;primary_button_shape&quot;:&quot;default&quot;,&quot;box_shape&quot;:&quot;sharp&quot;}\" data-widget_type=\"flex-hero.default\">\n\t\t\t\t<div class=\"elementor-widget-container\">\n\t\t\t\t\t\t\t<div class=\"has-shape-sharp shape-type-box has-column-structure-50-50  ehp-flex-hero has-layout-preset-showcase has-image-position-end\">\n\t\t\t\t\t\t<div class=\"ehp-flex-hero__overlay\"><\/div>\n\t\t\t<div class=\"ehp-flex-hero__content-container\">\n\t\t\t\t<h2 class=\"ehp-flex-hero__heading\">O naszym przedszkolu<\/h2><h3 class=\"ehp-flex-hero__subheading\"><p data-start=\"234\" data-end=\"471\">Przedszkole Publiczne w Szczytnej to miejsce, w kt\u00f3rym ka\u017cdy maluch czuje si\u0119 bezpieczny, akceptowany i wa\u017cny. Naszym celem jest wspieranie dzieci w odkrywaniu \u015bwiata, rozwijaniu ciekawo\u015bci, samodzielno\u015bci i wiary we w\u0142asne mo\u017cliwo\u015bci.<\/p><p data-start=\"473\" data-end=\"663\">Tworzymy ciep\u0142\u0105, rodzinn\u0105 atmosfer\u0119, w kt\u00f3rej nauka przeplata si\u0119 z zabaw\u0105, a ka\u017cdy dzie\u0144 staje si\u0119 now\u0105 przygod\u0105. Wsp\u00f3lnie uczymy si\u0119 wsp\u00f3\u0142pracy, szacunku, empatii i otwarto\u015bci na innych.<\/p><p data-start=\"665\" data-end=\"929\">Nasz zesp\u00f3\u0142 to do\u015bwiadczeni i pe\u0142ni pasji nauczyciele, kt\u00f3rzy z u\u015bmiechem towarzysz\u0105 dzieciom w codziennych odkryciach. Wsp\u00f3\u0142pracujemy z rodzicami, bo wierzymy, \u017ce to w\u0142a\u015bnie dzi\u0119ki wsp\u00f3lnemu zaanga\u017cowaniu mo\u017cemy najlepiej wspiera\u0107 rozw\u00f3j naszych przedszkolak\u00f3w.<\/p><p data-start=\"931\" data-end=\"1062\">Przedszkole w Szczytnej to nie tylko miejsce nauki \u2013 to przestrze\u0144 rado\u015bci, przyja\u017ani i ma\u0142ych wielkich krok\u00f3w ku przysz\u0142o\u015bci.<\/p><\/h3>\t\t\t<div class=\"ehp-flex-hero__ctas-container\">\n\t\t\t\t\t\t\t\t\t\t\t<\/div>\n\t\t\t\t\t<\/div>\n\t\t\t\t<div class=\"ehp-flex-hero__image-wrapper\">\n\t\t\t\t\t<div class=\"ehp-image ehp-flex-hero__image-container\">\n\t\t\t\t<img decoding=\"async\" class=\"ehp-image__img ehp-flex-hero__img has-border has-shape-custom shape-type-image\" src=\"https:\/\/szczytnaprzedszkole.pl\/wp-content\/uploads\/2025\/10\/486555019_653574424085027_4431258077343597197_n-e1761127772236.jpg\" title=\"486555019_653574424085027_4431258077343597197_n\" alt=\"486555019_653574424085027_4431258077343597197_n\" loading=\"lazy\" \/>\t\t\t<\/div>\n\t\t\t\t\t<\/div>\n\t\t\t\t<\/div>\n\t\t\t\t\t\t<\/div>\n\t\t\t\t<\/div>\n\t\t\t\t<\/div>\n\t\t\t\t\t<\/div>\n\t\t\t\t<\/div>\n\t\t\t\t<\/div>\n\t\t","protected":false},"excerpt":{"rendered":"<p>O naszym przedszkolu Przedszkole Publiczne w Szczytnej to miejsce, w kt\u00f3rym ka\u017cdy maluch czuje si\u0119 bezpieczny, akceptowany i wa\u017cny. Naszym celem jest wspieranie dzieci w odkrywaniu \u015bwiata, rozwijaniu ciekawo\u015bci, samodzielno\u015bci i wiary we w\u0142asne mo\u017cliwo\u015bci. Tworzymy ciep\u0142\u0105, rodzinn\u0105 atmosfer\u0119, w kt\u00f3rej nauka przeplata si\u0119 z zabaw\u0105, a ka\u017cdy dzie\u0144 staje si\u0119 now\u0105 przygod\u0105. Wsp\u00f3lnie uczymy [&hellip;]<\/p>\n","protected":false},"author":1,"featured_media":0,"parent":0,"menu_order":0,"comment_status":"closed","ping_status":"closed","template":"elementor_header_footer","meta":{"footnotes":""},"class_list":["post-40","page","type-page","status-publish","hentry"],"_links":{"self":[{"href":"https:\/\/szczytnaprzedszkole.pl\/index.php?rest_route=\/wp\/v2\/pages\/40","targetHints":{"allow":["GET"]}}],"collection":[{"href":"https:\/\/szczytnaprzedszkole.pl\/index.php?rest_route=\/wp\/v2\/pages"}],"about":[{"href":"https:\/\/szczytnaprzedszkole.pl\/index.php?rest_route=\/wp\/v2\/types\/page"}],"author":[{"embeddable":true,"href":"https:\/\/szczytnaprzedszkole.pl\/index.php?rest_route=\/wp\/v2\/users\/1"}],"replies":[{"embeddable":true,"href":"https:\/\/szczytnaprzedszkole.pl\/index.php?rest_route=%2Fwp%2Fv2%2Fcomments&post=40"}],"version-history":[{"count":16,"href":"https:\/\/szczytnaprzedszkole.pl\/index.php?rest_route=\/wp\/v2\/pages\/40\/revisions"}],"predecessor-version":[{"id":153,"href":"https:\/\/szczytnaprzedszkole.pl\/index.php?rest_route=\/wp\/v2\/pages\/40\/revisions\/153"}],"wp:attachment":[{"href":"https:\/\/szczytnaprzedszkole.pl\/index.php?rest_route=%2Fwp%2Fv2%2Fmedia&parent=40"}],"curies":[{"name":"wp","href":"https:\/\/api.w.org\/{rel}","templated":true}]}}